{"id":762,"date":"2023-01-10T17:58:27","date_gmt":"2023-01-10T17:58:27","guid":{"rendered":"https:\/\/www.mariareina.org\/oficial\/?page_id=762"},"modified":"2023-01-10T18:01:01","modified_gmt":"2023-01-10T18:01:01","slug":"ano-nuevo","status":"publish","type":"page","link":"https:\/\/www.mariareina.org\/oficial\/","title":{"rendered":"A\u00f1o Nuevo: \u201cNo es punto de llegada sino de partida\u201d"},"content":{"rendered":"\n<p class=\"has-medium-font-size\"><strong>Conocer la computadora y \u201cleer oraciones\u201d \u2026<\/strong><\/p>\n\n\n\n<p>La globalizaci\u00f3n de la tecnolog\u00eda, el desarrollo de las redes sociales digitales y la din\u00e1mica de la \u201cplaza p\u00fablica y abierta\u201d presentan el desaf\u00edo de armonizar y equilibrar su aut\u00e9ntico uso entre la sabidur\u00eda y el sentido de vida, sea para las diversas generaciones, as\u00ed, como para los nativos digitales. Sin embargo, parece ser que a veces esas virtudes necesarias para equilibrar su recto uso o \u201chabitad\u201d en los medios tecnol\u00f3gicos no solo suelen venir de debates y \u00e1mbitos acad\u00e9micos, sino de experiencias de vida.<\/p>\n\n\n\n<p>Como el caso de \u201cDo\u00f1a Manuelita\u201d que a sus ochenta y cuatro a\u00f1os termin\u00f3 su primaria, <em>\u201cAhora ya s\u00e9 leer y escribir, y el \u00faltimo examen que me faltaba lo hice en una computadora\u2026\u201d<\/em> afirm\u00f3, la anciana originaria de un pueblo del Estado de Aguascalientes, M\u00e9xico, para quien representa un logro, convertirse en embajadora para animar a otros que como ella piensan que los sue\u00f1os est\u00e1n lejanos.&nbsp; <em>\u201c\u2026yo quer\u00eda terminar de aprender a leer y escribir para poder leer las oraciones y rezarle a mi difunto esposo\u201d \u2026, <\/em>comparti\u00f3.<\/p>\n\n\n\n<p>La interactividad fue parte de su proceso de aprendizaje, sin embargo, el sentido y la meta no desaparecieron porque de frente a la computadora mantuvo el \u201c\u00e1nima y \u00e1nimo\u201d aun estando conectada al internet donde segu\u00eda las clases de alfabetizaci\u00f3n su meta no era pasar horas en la \u201ccompu\u201d \u2026 para ella este medio signific\u00f3 \u201cvida y esperanza\u201d. Un testimonio que acent\u00faa la esencia del uso de estas herramientas que no dejan de lado el rostro humano de frente a los abuso, distorsiones y dilemas \u00e9ticos.<\/p>\n\n\n\n<p>Ya escrib\u00eda en su Mensaje para 47\u00aa Jornada Mundial de las Comunicaciones, el +Papa Em\u00e9rito Benedicto XVI exhort\u00e1ndonos: <em>\u201cEl intercambio de informaci\u00f3n puede convertirse en verdadera comunicaci\u00f3n, los contactos pueden transformarse en amistad, las conexiones pueden facilitar la comuni\u00f3n\u201d.<\/em><\/p>\n\n\n\n<p>Ciertamente, para \u201cDo\u00f1a Manuelita\u201d aprender y comunicar fueron las alas que le abrieron la posibilidad de vivir ese anhelo de fe, que ahora la \u201cconecta\u201d con la comuni\u00f3n de una oraci\u00f3n que se eleva a la eternidad. Conviene recordar que <em>\u201clas redes sociales, adem\u00e1s de instrumento de evangelizaci\u00f3n, pueden ser un factor de desarrollo humano\u201d.<\/em><\/p>\n","protected":false},"excerpt":{"rendered":"<p>Conocer la computadora y \u201cleer oraciones\u201d \u2026 La globalizaci\u00f3n de la tecnolog\u00eda, el desarrollo de las redes sociales digitales y [&hellip;]<\/p>\n","protected":false},"author":2,"featured_media":763,"parent":0,"menu_order":0,"comment_status":"closed","ping_status":"closed","template":"","meta":[],"_links":{"self":[{"href":"https:\/\/www.mariareina.org\/oficial\/wp-json\/wp\/v2\/pages\/762"}],"collection":[{"href":"https:\/\/www.mariareina.org\/oficial\/wp-json\/wp\/v2\/pages"}],"about":[{"href":"https:\/\/www.mariareina.org\/oficial\/wp-json\/wp\/v2\/types\/page"}],"author":[{"embeddable":true,"href":"https:\/\/www.mariareina.org\/oficial\/wp-json\/wp\/v2\/users\/2"}],"replies":[{"embeddable":true,"href":"https:\/\/www.mariareina.org\/oficial\/wp-json\/wp\/v2\/comments?post=762"}],"version-history":[{"count":2,"href":"https:\/\/www.mariareina.org\/oficial\/wp-json\/wp\/v2\/pages\/762\/revisions"}],"predecessor-version":[{"id":766,"href":"https:\/\/www.mariareina.org\/oficial\/wp-json\/wp\/v2\/pages\/762\/revisions\/766"}],"wp:featuredmedia":[{"embeddable":true,"href":"https:\/\/www.mariareina.org\/oficial\/wp-json\/wp\/v2\/media\/763"}],"wp:attachment":[{"href":"https:\/\/www.mariareina.org\/oficial\/wp-json\/wp\/v2\/media?parent=762"}],"curies":[{"name":"wp","href":"https:\/\/api.w.org\/{rel}","templated":true}]}}