{"id":577,"date":"2020-03-24T03:02:05","date_gmt":"2020-03-24T03:02:05","guid":{"rendered":"http:\/\/www.mariareina.org\/oficial\/?page_id=577"},"modified":"2020-03-24T03:02:05","modified_gmt":"2020-03-24T03:02:05","slug":"significado-del-bautismo","status":"publish","type":"page","link":"https:\/\/www.mariareina.org\/oficial\/servicios\/requisitos-para-el-bautismo\/significado-del-bautismo\/","title":{"rendered":"Significado del Bautismo"},"content":{"rendered":"<p style=\"text-align: justify;\"><b>El Bautismo es:<\/b><br \/>\nUn sacramento fundamental, necesario para la salvaci\u00f3n. El sacramento del nuevo nacimiento en Cristo, introduce vitalmente a los fieles en esta corriente que brota del Salvador. Nos hace hijos de Dios y miembros de la Iglesia. Nos consagra, nos hace de la familia de Dios, nos marca para siempre.<\/p>\n<p style=\"text-align: justify;\"><b>Deberes de los Padrinos:<\/b><br \/>\nQue sean cat\u00f3licos y que lleven una vida congruente con la fe. Que tengan la intenci\u00f3n de cumplir con su misi\u00f3n. Asistir a su ahijado en su iniciaci\u00f3n cristiana.Procurar que su ahijado lleve una vida cristiana de acuerdo con el bautismo. Que est\u00e9n convenientemente ilustrados sobre el significado de este sacramento y las obligaciones que lleva consigo.<\/p>\n<p style=\"text-align: justify;\"><b>Deberes de los pap\u00e1s:<\/b><br \/>\nBautizar a sus hijos lo m\u00e1s pronto posible. Poner nombres con sentido cristiano. Estar debidamente ilustrados sobre el significado de este sacramento y las obligaciones que lleva consigo. Prepararse con la evangelizaci\u00f3n y formaci\u00f3n catequ\u00e9tica, atendiendo a las normas de la Iglesia. Elegir padrinos de conducta moral cristiana y no a criterios econ\u00f3micos o de conveniencia. Dar ejemplos de vida como modelos y representantes de Cristo en hogar.<\/p>\n<p style=\"text-align: justify;\"><b>Tareas del bautizado:<\/b><br \/>\nEsforzarse cada d\u00eda por vivir con profundidad cristiana cada uno de los sacramentos. Vivir estos regalos de Dios y hacerlos una hermosa fiesta de fe. Con otras palabras, estar \u00edntimamente unidos a Jes\u00fas. No se trata s\u00f3lo de estar bautizado y nuestro nombre inscrito en un registro religioso.<\/p>\n","protected":false},"excerpt":{"rendered":"<p>El Bautismo es: Un sacramento fundamental, necesario para la salvaci\u00f3n. El sacramento del nuevo nacimiento en Cristo, introduce vitalmente a [&hellip;]<\/p>\n","protected":false},"author":1,"featured_media":0,"parent":48,"menu_order":0,"comment_status":"closed","ping_status":"closed","template":"","meta":[],"_links":{"self":[{"href":"https:\/\/www.mariareina.org\/oficial\/wp-json\/wp\/v2\/pages\/577"}],"collection":[{"href":"https:\/\/www.mariareina.org\/oficial\/wp-json\/wp\/v2\/pages"}],"about":[{"href":"https:\/\/www.mariareina.org\/oficial\/wp-json\/wp\/v2\/types\/page"}],"author":[{"embeddable":true,"href":"https:\/\/www.mariareina.org\/oficial\/wp-json\/wp\/v2\/users\/1"}],"replies":[{"embeddable":true,"href":"https:\/\/www.mariareina.org\/oficial\/wp-json\/wp\/v2\/comments?post=577"}],"version-history":[{"count":1,"href":"https:\/\/www.mariareina.org\/oficial\/wp-json\/wp\/v2\/pages\/577\/revisions"}],"predecessor-version":[{"id":578,"href":"https:\/\/www.mariareina.org\/oficial\/wp-json\/wp\/v2\/pages\/577\/revisions\/578"}],"up":[{"embeddable":true,"href":"https:\/\/www.mariareina.org\/oficial\/wp-json\/wp\/v2\/pages\/48"}],"wp:attachment":[{"href":"https:\/\/www.mariareina.org\/oficial\/wp-json\/wp\/v2\/media?parent=577"}],"curies":[{"name":"wp","href":"https:\/\/api.w.org\/{rel}","templated":true}]}}