{"id":571,"date":"2020-03-24T02:56:15","date_gmt":"2020-03-24T02:56:15","guid":{"rendered":"http:\/\/www.mariareina.org\/oficial\/?page_id=571"},"modified":"2020-03-24T02:56:15","modified_gmt":"2020-03-24T02:56:15","slug":"fiesta-patronal","status":"publish","type":"page","link":"https:\/\/www.mariareina.org\/oficial\/fiesta-patronal\/","title":{"rendered":"FIESTA PATRONAL"},"content":{"rendered":"<h3>Santa Mar\u00eda Reina<br \/>\nFiesta Patronal: 22 de Agosto<\/h3>\n<div class=\"foto\"><img decoding=\"async\" loading=\"lazy\" class=\"size-full wp-image-572 alignleft\" src=\"http:\/\/www.mariareina.org\/oficial\/wp-content\/uploads\/2020\/03\/mariareina.jpg\" alt=\"\" width=\"126\" height=\"359\" srcset=\"https:\/\/www.mariareina.org\/oficial\/wp-content\/uploads\/2020\/03\/mariareina.jpg 126w, https:\/\/www.mariareina.org\/oficial\/wp-content\/uploads\/2020\/03\/mariareina-105x300.jpg 105w\" sizes=\"(max-width: 126px) 100vw, 126px\" \/><\/div>\n<p style=\"text-align: justify;\">\u00abLa Virgen Inmaculada &#8230; asunta en cuerpo y alma a la gloria celestial fue ensalzada por el Se\u00f1or como Reina universal, con el fin de que se asemejase de forma m\u00e1s plena a su Hijo,<br \/>\nSe\u00f1or de se\u00f1ores y vencedor del pecado y de la muerte\u00bb.<br \/>\n(Conc. Vat. II, Const. dogm. Lumen gentium, n.59).<\/p>\n<p style=\"text-align: justify;\">El 1 de noviembre, de 1954, al final del A\u00f1o Mariano, el Santo Padre P\u00edo XII coloc\u00f3 una corona enjoyada sobre la pintura de Nuestra Se\u00f1ora, Protectora de Roma. En ese momento, se levant\u00f3 un fuerte llanto de entre la gran multitud congregada en Sta. Mar\u00eda la Mayor: \u00ab\u00a1Viva la Reina!\u00bb. El Papa nombr\u00f3 a la\u00a0<b>Virgen Reina de cielos y tierra<\/b>\u00a0y decret\u00f3 que se celebrara una fiesta especial para honrarla bajo ese t\u00edtulo.<\/p>\n<p style=\"text-align: justify;\">No era \u00e9ste un nuevo privilegio para la Madre de Dios. Ella siempre ha sido considerada nuestra Reina, como lo testifica el arte Mariano desde los primeros siglos y las oraciones, especialmente la Letan\u00eda de Loreto. Sin embargo, no hab\u00eda hasta entonces fiesta en particular que lo conmemorara.<\/p>\n<p style=\"text-align: justify;\"><b>Mar\u00eda es reina de los \u00e1ngeles y de todos los hombres<\/b><\/p>\n<p style=\"text-align: justify;\">Juan Pablo II, el 23 de julio del 1997, habl\u00f3 sobre la Virgen como Reina del universo. Record\u00f3 que \u00aba partir del siglo V, casi en el mismo per\u00edodo en que el Concilio de Efeso proclama a la Virgen &#8216;Madre de Dios&#8217;, se comienza a atribuir a Mar\u00eda el t\u00edtulo de Reina. El pueblo cristiano, con este ulterior reconocimiento de su dignidad excelsa, quiere situarla por encima de todas las criaturas, exaltando su papel y su importancia en la vida de cada persona y del mundo entero\u00bb.<\/p>\n<p style=\"text-align: justify;\">El Santo Padre explic\u00f3 que \u00abel t\u00edtulo de Reina no sustituye al de Madre: su realeza sigue siendo un corolario de su peculiar misi\u00f3n materna, y expresa simplemente el poder que le ha sido conferido para llevar a cabo esta misi\u00f3n. (&#8230;) Los cristianos miran con confianza a Mar\u00eda Reina, y esto aumenta su abandono filial en Aquella que es madre eSn el orden de la gracia\u00bb.<\/p>\n<p style=\"text-align: justify;\"><b>Mar\u00eda Sant\u00edsima es reina de todo lo creado<\/b><br \/>\nSi bien todos reinaremos con Cristo, Mar\u00eda Sant\u00edsima participa de Su reinado de una forma singular y preeminente. Esto significa que Dios le ha otorgado Su poder para reinar sobre todos los hombres y los \u00e1ngeles, y para vencer a Satan\u00e1s.<\/p>\n<div class=\"centro\" style=\"text-align: justify;\">\n<p>Dios todopoderoso, que nos has dado como Madre y como Reina a la Madre de tu Unig\u00e9nito, conc\u00e9denos que, protegidos por su intercesi\u00f3n, alcancemos la gloria de tus hijos en el reino de los cielos. Por nuestro Se\u00f1or Jesucristo. Am\u00e9n.<br \/>\n<b><\/b><\/p>\n<p><b>\u00a1Salve, Reina caelorum; Reina caeli, laetare!<\/b><\/p>\n<\/div>\n<div><\/div>\n<div class=\"letrapeque2\" style=\"text-align: right;\">Tomado de\u00a0<a class=\"enlace\" href=\"http:\/\/www.corazones.org\/maria\/reina_maria.htm\" target=\"_blank\" rel=\"noopener\">Siervas de los Corazones Traspasados por Jes\u00fas y Mar\u00eda<\/a><\/div>\n","protected":false},"excerpt":{"rendered":"<p>Santa Mar\u00eda Reina Fiesta Patronal: 22 de Agosto \u00abLa Virgen Inmaculada &#8230; asunta en cuerpo y alma a la gloria [&hellip;]<\/p>\n","protected":false},"author":1,"featured_media":0,"parent":0,"menu_order":0,"comment_status":"closed","ping_status":"closed","template":"","meta":[],"_links":{"self":[{"href":"https:\/\/www.mariareina.org\/oficial\/wp-json\/wp\/v2\/pages\/571"}],"collection":[{"href":"https:\/\/www.mariareina.org\/oficial\/wp-json\/wp\/v2\/pages"}],"about":[{"href":"https:\/\/www.mariareina.org\/oficial\/wp-json\/wp\/v2\/types\/page"}],"author":[{"embeddable":true,"href":"https:\/\/www.mariareina.org\/oficial\/wp-json\/wp\/v2\/users\/1"}],"replies":[{"embeddable":true,"href":"https:\/\/www.mariareina.org\/oficial\/wp-json\/wp\/v2\/comments?post=571"}],"version-history":[{"count":1,"href":"https:\/\/www.mariareina.org\/oficial\/wp-json\/wp\/v2\/pages\/571\/revisions"}],"predecessor-version":[{"id":574,"href":"https:\/\/www.mariareina.org\/oficial\/wp-json\/wp\/v2\/pages\/571\/revisions\/574"}],"wp:attachment":[{"href":"https:\/\/www.mariareina.org\/oficial\/wp-json\/wp\/v2\/media?parent=571"}],"curies":[{"name":"wp","href":"https:\/\/api.w.org\/{rel}","templated":true}]}}