{"id":52,"date":"2017-08-09T18:53:26","date_gmt":"2017-08-09T18:53:26","guid":{"rendered":"http:\/\/www.mariareina.org\/oficial\/?page_id=52"},"modified":"2017-08-09T19:10:42","modified_gmt":"2017-08-09T19:10:42","slug":"requisitos-para-confirmacion","status":"publish","type":"page","link":"https:\/\/www.mariareina.org\/oficial\/servicios\/requisitos-para-confirmacion\/","title":{"rendered":"REQUISITOS PARA CONFIRMACI\u00d3N"},"content":{"rendered":"<h3><strong>Requisitos para el sacramento de Confirmaci\u00f3n<\/strong><\/h3>\n<ul>\n<li><strong>BOLETA DE BAUTIZO<\/strong><\/li>\n<li><strong>BOLETA DE PRIMERA COMUNI\u00d3N<\/strong><\/li>\n<li><strong>NI\u00d1OS MAYORES DE 11 A\u00d1OS PREPARARSE CON TIEMPO EN LA CATEQUESIS DE LA PARROQUIA<\/strong><\/li>\n<\/ul>\n<p>NOTA: LAS CONFIRMACIONES SE REALIZAN CADA A\u00d1O, UNA VEZ QUE TERMINAR SU CURSO DE PREPARACI\u00d3N Y\/O\u00a0 EN LAS FIESTAS PATRONALES DE LA PARROQUIA.<\/p>\n<p>Nombre y Copia legible de la Identificaci\u00f3n\u00a0 del Padrino o de la Madrina y <strong>Comprobante de pl\u00e1ticas<\/strong>.<\/p>\n<p>&#8211; Si son casados, deber\u00e1n presentar original o copia de la boleta de Matrimonio Religioso.<\/p>\n<p>&#8211; Si son solteros bien solteros y presentar copia del Acta de alguno de los sacramentos recibidos.<\/p>\n","protected":false},"excerpt":{"rendered":"<p>Requisitos para el sacramento de Confirmaci\u00f3n BOLETA DE BAUTIZO BOLETA DE PRIMERA COMUNI\u00d3N NI\u00d1OS MAYORES DE 11 A\u00d1OS PREPARARSE CON [&hellip;]<\/p>\n","protected":false},"author":1,"featured_media":0,"parent":31,"menu_order":0,"comment_status":"closed","ping_status":"closed","template":"","meta":[],"_links":{"self":[{"href":"https:\/\/www.mariareina.org\/oficial\/wp-json\/wp\/v2\/pages\/52"}],"collection":[{"href":"https:\/\/www.mariareina.org\/oficial\/wp-json\/wp\/v2\/pages"}],"about":[{"href":"https:\/\/www.mariareina.org\/oficial\/wp-json\/wp\/v2\/types\/page"}],"author":[{"embeddable":true,"href":"https:\/\/www.mariareina.org\/oficial\/wp-json\/wp\/v2\/users\/1"}],"replies":[{"embeddable":true,"href":"https:\/\/www.mariareina.org\/oficial\/wp-json\/wp\/v2\/comments?post=52"}],"version-history":[{"count":2,"href":"https:\/\/www.mariareina.org\/oficial\/wp-json\/wp\/v2\/pages\/52\/revisions"}],"predecessor-version":[{"id":59,"href":"https:\/\/www.mariareina.org\/oficial\/wp-json\/wp\/v2\/pages\/52\/revisions\/59"}],"up":[{"embeddable":true,"href":"https:\/\/www.mariareina.org\/oficial\/wp-json\/wp\/v2\/pages\/31"}],"wp:attachment":[{"href":"https:\/\/www.mariareina.org\/oficial\/wp-json\/wp\/v2\/media?parent=52"}],"curies":[{"name":"wp","href":"https:\/\/api.w.org\/{rel}","templated":true}]}}