{"id":50,"date":"2017-08-09T18:51:07","date_gmt":"2017-08-09T18:51:07","guid":{"rendered":"http:\/\/www.mariareina.org\/oficial\/?page_id=50"},"modified":"2017-08-09T19:11:40","modified_gmt":"2017-08-09T19:11:40","slug":"requisitos-para-primera-comunion","status":"publish","type":"page","link":"https:\/\/www.mariareina.org\/oficial\/servicios\/requisitos-para-primera-comunion\/","title":{"rendered":"REQUISITOS PARA PRIMERA COMUNI\u00d3N"},"content":{"rendered":"<h3><strong>Requisitos para Primera Comuni\u00f3n<\/strong><\/h3>\n<ul>\n<li>Comprobante de preparaci\u00f3n<\/li>\n<li>Acta de Bautizo (original y copia)<\/li>\n<li>Nombre y Copia legible de la Identificaci\u00f3n del Padrino o de la Madrina y <strong>Comprobante de pl\u00e1ticas<\/strong>.<\/li>\n<\/ul>\n<p>&#8211; Si son casados, deber\u00e1n presentar original o copia de la boleta de Matrimonio Religioso.<\/p>\n<p>&#8211; Si son solteros bien solteros y presentar copia del Acta de alguno de los sacramentos recibidos.<\/p>\n<p>&#8211; Separar la Misa con anticipaci\u00f3n. (La cual no es misa cantada y no incluye arreglos)<\/p>\n","protected":false},"excerpt":{"rendered":"<p>Requisitos para Primera Comuni\u00f3n Comprobante de preparaci\u00f3n Acta de Bautizo (original y copia) Nombre y Copia legible de la Identificaci\u00f3n [&hellip;]<\/p>\n","protected":false},"author":1,"featured_media":0,"parent":31,"menu_order":0,"comment_status":"closed","ping_status":"closed","template":"","meta":[],"_links":{"self":[{"href":"https:\/\/www.mariareina.org\/oficial\/wp-json\/wp\/v2\/pages\/50"}],"collection":[{"href":"https:\/\/www.mariareina.org\/oficial\/wp-json\/wp\/v2\/pages"}],"about":[{"href":"https:\/\/www.mariareina.org\/oficial\/wp-json\/wp\/v2\/types\/page"}],"author":[{"embeddable":true,"href":"https:\/\/www.mariareina.org\/oficial\/wp-json\/wp\/v2\/users\/1"}],"replies":[{"embeddable":true,"href":"https:\/\/www.mariareina.org\/oficial\/wp-json\/wp\/v2\/comments?post=50"}],"version-history":[{"count":2,"href":"https:\/\/www.mariareina.org\/oficial\/wp-json\/wp\/v2\/pages\/50\/revisions"}],"predecessor-version":[{"id":60,"href":"https:\/\/www.mariareina.org\/oficial\/wp-json\/wp\/v2\/pages\/50\/revisions\/60"}],"up":[{"embeddable":true,"href":"https:\/\/www.mariareina.org\/oficial\/wp-json\/wp\/v2\/pages\/31"}],"wp:attachment":[{"href":"https:\/\/www.mariareina.org\/oficial\/wp-json\/wp\/v2\/media?parent=50"}],"curies":[{"name":"wp","href":"https:\/\/api.w.org\/{rel}","templated":true}]}}