{"id":31,"date":"2017-07-27T20:32:31","date_gmt":"2017-07-27T20:32:31","guid":{"rendered":"http:\/\/www.mariareina.org\/oficial\/?page_id=31"},"modified":"2022-12-30T22:56:46","modified_gmt":"2022-12-30T22:56:46","slug":"servicios","status":"publish","type":"page","link":"https:\/\/www.mariareina.org\/oficial\/servicios\/","title":{"rendered":"SERVICIOS"},"content":{"rendered":"<h2><b>SERVICIOS<br \/>\nParroquia Santa Mar\u00eda Reina<\/b><\/h2>\n<div class=\"centro\">\n<p><b>Celebraciones Lit\u00fargicas:<\/b><\/p>\n<p><b>Misa Dominical:<\/b>&nbsp;10:00 a.m., 12:00 p.m., 6:00 p.m.<\/p>\n<p><b>Misa diaria:<\/b>&nbsp;6:00 p.m. (excepto los mi\u00e9rcoles)<\/p>\n<p><b>Hora Santa:<\/b>&nbsp;7:00 p.m. (jueves)<\/p>\n<p><b>Confesiones:<\/b>&nbsp;Despu\u00e9s de cada misa.<\/p>\n<div class=\"linea\">\n<hr>\n<\/div>\n<p><b>Bautismos:<\/b><br \/>\n<strong>s\u00e1bados a las 12:30 p.m.<\/strong><br \/>\nLa preparaci\u00f3n Pre-Bautismal para padres y padrinos son todos los viernes de 7:30 p.m. &#8211; 9:30 p.m. &nbsp;<a href=\"http:\/\/www.mariareina.org\/oficial\/servicios\/requisitos-para-el-bautismo\/\" target=\"_blank\" rel=\"noopener\">Ver requisitos<\/a><\/p>\n<div class=\"linea\">\n<hr>\n<\/div>\n<p><b>Quincea\u00f1eras :<\/b><br \/>\nPreparaci\u00f3n los \u00faltimos s\u00e1bados de cada mes de 4:00 p.m. &#8211; 6:00 p.m. aqu\u00ed en la parroquia.<br \/>\n<a href=\"http:\/\/www.mariareina.org\/oficial\/servicios\/requisitos-para-xv-anos\/\" target=\"_blank\" rel=\"noopener\">Ver requisitos<\/a><\/p>\n<div class=\"linea\">\n<hr>\n<\/div>\n<p><b>Catecismo&nbsp;: (ni\u00f1os y ni\u00f1as ya inscritos)<\/b><br \/>\nPreparaci\u00f3n los s\u00e1bados de 9:30 a.m. &#8211; 12:00 m.d.<\/p>\n<div class=\"linea\">\n<hr>\n<\/div>\n<p><b>Liturgia :<\/b>&nbsp;1er. y 3er. lunes de cada mes<\/p>\n<div class=\"linea\">\n<hr>\n<\/div>\n<p><b>Encuentros de Promoci\u00f3n Juvenil:<\/b><br \/>\nMartes 7:00 p.m.<\/p>\n<div class=\"linea\">\n<hr>\n<\/div>\n<p><b>Talleres de oraci\u00f3n y vida del P. Ignacio Larra\u00f1aga:<\/b><br \/>\nADULTOS m\u00e1rtes de 10:00 a.m. a 12:00 m.d.<\/p>\n<div class=\"linea\">\n<hr>\n<\/div>\n<p><b>Cursos de Biblia:<\/b><br \/>\nJueves a las 7:00 p.m.<\/p>\n<p>&nbsp;<\/p>\n<\/div>\n<hr>\n<h2><b>Capilla Nuestra Sra. del Perpetuo Socorro<\/b><\/h2>\n<div class=\"centro\">\n<p><b>Celebraciones Lit\u00fargicas:<\/b><br \/>\nMisa Dominical: 8:30 a.m.<\/p>\n<p><strong>Catecismo:<\/strong>&nbsp;s\u00e1bado de 10:00 a.m. a 12:00 m.d.<\/p>\n<p><strong>Curso de biblia:<\/strong>&nbsp;m\u00e1rtes y jueves a las 5:30 p.m., s\u00e1bados a las 7:00 p.m.<\/p>\n<\/div>\n","protected":false},"excerpt":{"rendered":"<p>SERVICIOS Parroquia Santa Mar\u00eda Reina Celebraciones Lit\u00fargicas: Misa Dominical:&nbsp;10:00 a.m., 12:00 p.m., 6:00 p.m. Misa diaria:&nbsp;6:00 p.m. (excepto los mi\u00e9rcoles) [&hellip;]<\/p>\n","protected":false},"author":1,"featured_media":731,"parent":0,"menu_order":0,"comment_status":"closed","ping_status":"closed","template":"","meta":[],"_links":{"self":[{"href":"https:\/\/www.mariareina.org\/oficial\/wp-json\/wp\/v2\/pages\/31"}],"collection":[{"href":"https:\/\/www.mariareina.org\/oficial\/wp-json\/wp\/v2\/pages"}],"about":[{"href":"https:\/\/www.mariareina.org\/oficial\/wp-json\/wp\/v2\/types\/page"}],"author":[{"embeddable":true,"href":"https:\/\/www.mariareina.org\/oficial\/wp-json\/wp\/v2\/users\/1"}],"replies":[{"embeddable":true,"href":"https:\/\/www.mariareina.org\/oficial\/wp-json\/wp\/v2\/comments?post=31"}],"version-history":[{"count":6,"href":"https:\/\/www.mariareina.org\/oficial\/wp-json\/wp\/v2\/pages\/31\/revisions"}],"predecessor-version":[{"id":732,"href":"https:\/\/www.mariareina.org\/oficial\/wp-json\/wp\/v2\/pages\/31\/revisions\/732"}],"wp:featuredmedia":[{"embeddable":true,"href":"https:\/\/www.mariareina.org\/oficial\/wp-json\/wp\/v2\/media\/731"}],"wp:attachment":[{"href":"https:\/\/www.mariareina.org\/oficial\/wp-json\/wp\/v2\/media?parent=31"}],"curies":[{"name":"wp","href":"https:\/\/api.w.org\/{rel}","templated":true}]}}