{"id":26,"date":"2017-07-27T20:24:53","date_gmt":"2017-07-27T20:24:53","guid":{"rendered":"http:\/\/www.mariareina.org\/oficial\/?page_id=26"},"modified":"2024-10-21T21:48:23","modified_gmt":"2024-10-21T21:48:23","slug":"contacto","status":"publish","type":"page","link":"https:\/\/www.mariareina.org\/oficial\/contacto\/","title":{"rendered":"CONTACTO"},"content":{"rendered":"<p><b>P\u00e1rroco<br \/>\nPbro. Israel \u00c1ngeles Gil<\/b><\/p>\n<p><b>Secretaria<br \/>\nBertha Soto<\/b><\/p>\n<div class=\"linea\"><\/div>\n<p><b>Direcci\u00f3n Parroquial:<\/b><br \/>\nAve. Colina de Montecarlo No. 4,<br \/>\nFracc. Residencial Agua Caliente,<br \/>\nTijuana, Baja California. M\u00e9xico. C.P. 22194<br \/>\n<a href=\"https:\/\/goo.gl\/maps\/yYNd2BzKm5t\">mapa<\/a><\/p>\n<p><b>Tel\u00e9fonos<\/b><br \/>\n(664) 608.31.42<br \/>\n(664) 676.58.96<br \/>\n(664) 676.59.15<\/p>\n<p><b>Horario de Oficina<\/b><br \/>\n<i>Lunes a Viernes:<\/i><br \/>\n10:30 a.m. a 2:30 p.m.<br \/>\ny de 4:00 p.m. a 6:00 p.m.<\/p>\n<p><i>S\u00e1bados:<\/i><br \/>\n10:00 a.m.\u00a0 a\u00a0 2:00 p.m.<\/p>\n<p><i>Domingos:<\/i><br \/>\nPermanece Cerrado<\/p>\n<p><b>Correo electr\u00f3nico<\/b><br \/>\ninfo@mariareina.org<\/p>\n<p><b>Facebook<br \/>\n<\/b><a class=\"_64-f\" style=\"font-size: 1.0625rem;\" href=\"https:\/\/www.facebook.com\/parroquiasantamariareinatijuana\/\">Parroquia Santa Mar\u00eda Reina<br \/>\n<\/a><a id=\"js_5b\" class=\"_2wmb\" style=\"font-size: 1.0625rem;\" href=\"https:\/\/www.facebook.com\/parroquiasantamariareinatijuana\/#\" data-hover=\"tooltip\" aria-describedby=\"js_2m\">@parroquiasantamariareinatijuana<\/a><\/p>\n<div class=\"linea\"><\/div>\n","protected":false},"excerpt":{"rendered":"<p>P\u00e1rroco Pbro. Israel \u00c1ngeles Gil Secretaria Bertha Soto Direcci\u00f3n Parroquial: Ave. Colina de Montecarlo No. 4, Fracc. Residencial Agua Caliente, [&hellip;]<\/p>\n","protected":false},"author":1,"featured_media":735,"parent":0,"menu_order":0,"comment_status":"closed","ping_status":"closed","template":"","meta":[],"_links":{"self":[{"href":"https:\/\/www.mariareina.org\/oficial\/wp-json\/wp\/v2\/pages\/26"}],"collection":[{"href":"https:\/\/www.mariareina.org\/oficial\/wp-json\/wp\/v2\/pages"}],"about":[{"href":"https:\/\/www.mariareina.org\/oficial\/wp-json\/wp\/v2\/types\/page"}],"author":[{"embeddable":true,"href":"https:\/\/www.mariareina.org\/oficial\/wp-json\/wp\/v2\/users\/1"}],"replies":[{"embeddable":true,"href":"https:\/\/www.mariareina.org\/oficial\/wp-json\/wp\/v2\/comments?post=26"}],"version-history":[{"count":11,"href":"https:\/\/www.mariareina.org\/oficial\/wp-json\/wp\/v2\/pages\/26\/revisions"}],"predecessor-version":[{"id":779,"href":"https:\/\/www.mariareina.org\/oficial\/wp-json\/wp\/v2\/pages\/26\/revisions\/779"}],"wp:featuredmedia":[{"embeddable":true,"href":"https:\/\/www.mariareina.org\/oficial\/wp-json\/wp\/v2\/media\/735"}],"wp:attachment":[{"href":"https:\/\/www.mariareina.org\/oficial\/wp-json\/wp\/v2\/media?parent=26"}],"curies":[{"name":"wp","href":"https:\/\/api.w.org\/{rel}","templated":true}]}}