{"id":64,"date":"2017-08-09T19:34:25","date_gmt":"2017-08-09T19:34:25","guid":{"rendered":"http:\/\/www.mariareina.org\/oficial\/?page_id=64"},"modified":"2022-12-30T22:38:23","modified_gmt":"2022-12-30T22:38:23","slug":"criptas","status":"publish","type":"page","link":"http:\/\/www.mariareina.org\/oficial\/criptas\/","title":{"rendered":"CRIPTAS"},"content":{"rendered":"<p>La aportaci\u00f3n para adquirir una Cripta puede ser en una sola exhibici\u00f3n o en parcialidades.<\/p>\n<p>A continuaci\u00f3n se presentan las modalidades de Criptas:<\/p>\n<p>Cripta para 6 urnas<\/p>\n<p>Cripta para 7 urnas<\/p>\n<p>Cripta para 8 urnas<\/p>\n<p>Cripta para 9 urnas<\/p>\n<p>Cripta para 12 urnas<\/p>\n<p>Cripta para 14 urnas<\/p>\n<p>Cripta para 20 urnas<\/p>\n<p>Cripta para 21 urnas<\/p>\n<p>Con tu adquisici\u00f3n ayudas tambi\u00e9n en el mejoramiento y construcci\u00f3n de nuestra Parroquia.<\/p>\n<p>Adquiere tu cripta!<\/p>\n<p><strong>Para mayor Informaci\u00f3n en la Oficina Parroquial. Tel. 608.31.42<\/strong><\/p>\n<p><strong>Atenci\u00f3n de 10:00 a.m. a 1:00 p.m.<\/strong><\/p>\n<p><strong>Por la tarde o s\u00e1bado marcar para agendar cita.<\/strong><\/p>\n<p>&nbsp;<\/p>\n<p><b><img decoding=\"async\" loading=\"lazy\" src=\"http:\/\/www.mariareina.org\/recursos\/imagenes\/calendario3.png\" alt=\"misa\" width=\"20\" height=\"20\">&nbsp;Cada <span style=\"color: #000080;\">Lunes primero de mes<\/span> se celebra una Misa a las 6:00 p.m. para todas aquellas personas cuyas cenizas se encuentran depositadas en la Criptas de esta Parroquia.<\/b><\/p>\n<hr>\n<h3>Definici\u00f3n de&nbsp;<i>Criptas<\/i>:<\/h3>\n<p style=\"text-align: justify;\">En t\u00e9rminos medievales, una cripta es una c\u00e1mara de roca, normalmente bajo el suelo de una iglesia. Las primeras criptas o grutas sagradas fueron escavadas en la roca, para esconder a los ojos de los profanos las tumbas de los m\u00e1rtires; mas tarde sobre estos hipogeos venerados por los primeros cristianos, se levantaron las capillas y las vastas iglesias; despu\u00e9s se estableci\u00f3 las criptas bajo los edificios destinados al culto para encerrar los cuerpos de los santos recogidos por la piedad de los fieles. En t\u00e9rminos modernos, una cripta es una c\u00e1mara de roca utilizada para guardar a los muertos. Las criptas se encuentran normalmente en cementerios y edificios religiosos como las catedrales, pero tambi\u00e9n ocasionalmente se pueden encontrar en fincas privadas. Familias ricas o prestigiosas a menudo tienen una \u00abcripta familiar\u00bb en la cual todos los miembros de la familia son guardados. Muchas familias reales, por ejemplo, tienen vastas criptas que contienen los cuerpos de decenas de antiguos miembros de la familia real. En algunos sitios a las criptas sobre el suelo se les llama mausoleos, el cual se refiere a un edificio m\u00e1s complejo destinado a lugar de entierro, para una o muchas personas.<\/p>\n","protected":false},"excerpt":{"rendered":"<p>La aportaci\u00f3n para adquirir una Cripta puede ser en una sola exhibici\u00f3n o en parcialidades. A continuaci\u00f3n se presentan las [&hellip;]<\/p>\n","protected":false},"author":1,"featured_media":726,"parent":0,"menu_order":0,"comment_status":"closed","ping_status":"closed","template":"","meta":[],"_links":{"self":[{"href":"http:\/\/www.mariareina.org\/oficial\/wp-json\/wp\/v2\/pages\/64"}],"collection":[{"href":"http:\/\/www.mariareina.org\/oficial\/wp-json\/wp\/v2\/pages"}],"about":[{"href":"http:\/\/www.mariareina.org\/oficial\/wp-json\/wp\/v2\/types\/page"}],"author":[{"embeddable":true,"href":"http:\/\/www.mariareina.org\/oficial\/wp-json\/wp\/v2\/users\/1"}],"replies":[{"embeddable":true,"href":"http:\/\/www.mariareina.org\/oficial\/wp-json\/wp\/v2\/comments?post=64"}],"version-history":[{"count":5,"href":"http:\/\/www.mariareina.org\/oficial\/wp-json\/wp\/v2\/pages\/64\/revisions"}],"predecessor-version":[{"id":727,"href":"http:\/\/www.mariareina.org\/oficial\/wp-json\/wp\/v2\/pages\/64\/revisions\/727"}],"wp:featuredmedia":[{"embeddable":true,"href":"http:\/\/www.mariareina.org\/oficial\/wp-json\/wp\/v2\/media\/726"}],"wp:attachment":[{"href":"http:\/\/www.mariareina.org\/oficial\/wp-json\/wp\/v2\/media?parent=64"}],"curies":[{"name":"wp","href":"https:\/\/api.w.org\/{rel}","templated":true}]}}