{"id":34,"date":"2017-07-27T20:35:30","date_gmt":"2017-07-27T20:35:30","guid":{"rendered":"http:\/\/www.mariareina.org\/oficial\/?page_id=34"},"modified":"2022-12-30T22:59:00","modified_gmt":"2022-12-30T22:59:00","slug":"horarios","status":"publish","type":"page","link":"http:\/\/www.mariareina.org\/oficial\/horarios\/","title":{"rendered":"HORARIOS"},"content":{"rendered":"<h3>Horarios de Celebraciones Lit\u00fargicas (Misa)<\/h3>\n<div><strong>Misa Diaria en Parroquia<\/strong><br \/>\n6:00 p.m. (excepto los mi\u00e9rcoles)<br \/>\n*Los mi\u00e9rcoles en Capilla Ntra. Sra. del Perpetuo Socorro Fracc. Las Plazas, a las 6:00 p.m.<\/div>\n<div><\/div>\n<div><\/div>\n<div><strong>Dominicales<\/strong><br \/>\n10:00 a.m. (Parroquia)<br \/>\n12:00 p.m. (Parroquia)<br \/>\n5:00 p.m. (Parroquia)<br \/>\n7:00 p.m. (Parroquia)<\/div>\n<div><\/div>\n<div><\/div>\n<div><strong>Misas en Capilla<br \/>\n<\/strong>Mi\u00e9rcoles 6:00 p.m. (Capilla)<\/div>\n<div>Domingo 7:00 a.m. y 8:30 a.m. (Capilla)<\/div>\n<div><\/div>\n<div><\/div>\n<div><\/div>\n<div><strong>* Cada primero de mes MISA a la DIVINA PROVIDENCIA<\/strong><\/div>\n<div><\/div>\n<div><\/div>\n<div><\/div>\n<div><b>Exposici\u00f3n<\/b><strong>&nbsp;del Sant\u00edsimo&nbsp;Sacramento (Hora Santa en Parroquia)<\/strong><\/div>\n<div>\n<div>Jueves a las 5:00 p.m. (Horario de invierno)<\/div>\n<\/div>\n<div><\/div>\n<div><\/div>\n<div><\/div>\n<div><strong style=\"font-size: 1.0625rem;\">Confesiones<\/strong><\/div>\n<div>Despu\u00e9s de misa de 6:00 p.m. (puede solicitarla al Sacerdote)<\/div>\n<div><\/div>\n<div><\/div>\n<h3><strong style=\"font-size: 1.0625rem;\">OTROS HORARIOS:<\/strong><\/h3>\n<div>\n<p>&nbsp;<\/p>\n<p><strong>PARA ATENCI\u00d3N A ENFERMOS<br \/>\n<\/strong>*Ll\u00e1menos o le atendemos presencialmente en la oficina parroquial<\/p>\n<p>&nbsp;<\/p>\n<p><strong>VISITA A CRIPTAS PARROQUIALES<\/strong><\/p>\n<p>-Lunes a viernes de 8:30 a.m. a 2:00 p.m. y de 4:30 a 7:00 p.m.<br \/>\n-S\u00e1bados 8:30 p.m. a 2:00 p.m.<br \/>\n-Domingos: 8:30 a.m. a 1:30 p.m.&nbsp; y de 5:00 p.m. a 8:00 p.m.<\/p>\n<p>&nbsp;<\/p>\n<p><strong>PLATICAS PRE-BAUTISMALES<br \/>\n<\/strong>Lunes primero de cada mes a las 7:30 p.m. (presencial),<br \/>\nInscribirse en la oficina parroquial con anterioridad a la fecha del bautismo.<\/p>\n<p>&nbsp;<\/p>\n<p><strong>PARA CEREMONIAS<br \/>\n<\/strong>Presentarse las personas interesadas en la oficina parroquial<\/p>\n<p>&nbsp;<\/p>\n<p><strong style=\"font-size: 1.0625rem;\"><em>NOTA:<\/em><\/strong><span style=\"font-size: 1.0625rem;\"> En todas las celebraciones, ceremonias y atenci\u00f3n de los diversos servicios se aplica el \u201cProtocolo de Salud de la Arquidi\u00f3cesis de Tijuana\u201d y de los establecido por la Autoridad de Salud.<\/span><\/p>\n<p>&nbsp;<\/p>\n<\/div>\n<div><\/div>\n<div>\n<hr>\n<h1><strong>Horario de Oficina<\/strong><\/h1>\n<p><strong>De Lunes a Viernes<\/strong><br \/>\n10:00 a.m. a 2:00 p.m.<br \/>\ny de 4:00 p.m. a 6:00 p.m.<\/p>\n<p><strong>S\u00e1bados<\/strong><br \/>\nde 10:00 a.m. a 2:00 p.m<\/p>\n<\/div>\n","protected":false},"excerpt":{"rendered":"<p>Horarios de Celebraciones Lit\u00fargicas (Misa) Misa Diaria en Parroquia 6:00 p.m. (excepto los mi\u00e9rcoles) *Los mi\u00e9rcoles en Capilla Ntra. Sra. [&hellip;]<\/p>\n","protected":false},"author":1,"featured_media":733,"parent":0,"menu_order":0,"comment_status":"closed","ping_status":"closed","template":"","meta":[],"_links":{"self":[{"href":"http:\/\/www.mariareina.org\/oficial\/wp-json\/wp\/v2\/pages\/34"}],"collection":[{"href":"http:\/\/www.mariareina.org\/oficial\/wp-json\/wp\/v2\/pages"}],"about":[{"href":"http:\/\/www.mariareina.org\/oficial\/wp-json\/wp\/v2\/types\/page"}],"author":[{"embeddable":true,"href":"http:\/\/www.mariareina.org\/oficial\/wp-json\/wp\/v2\/users\/1"}],"replies":[{"embeddable":true,"href":"http:\/\/www.mariareina.org\/oficial\/wp-json\/wp\/v2\/comments?post=34"}],"version-history":[{"count":16,"href":"http:\/\/www.mariareina.org\/oficial\/wp-json\/wp\/v2\/pages\/34\/revisions"}],"predecessor-version":[{"id":734,"href":"http:\/\/www.mariareina.org\/oficial\/wp-json\/wp\/v2\/pages\/34\/revisions\/734"}],"wp:featuredmedia":[{"embeddable":true,"href":"http:\/\/www.mariareina.org\/oficial\/wp-json\/wp\/v2\/media\/733"}],"wp:attachment":[{"href":"http:\/\/www.mariareina.org\/oficial\/wp-json\/wp\/v2\/media?parent=34"}],"curies":[{"name":"wp","href":"https:\/\/api.w.org\/{rel}","templated":true}]}}